{"id":4212,"date":"2022-06-05T11:08:49","date_gmt":"2022-06-05T09:08:49","guid":{"rendered":"https:\/\/www.ellipseanimation.com\/contact\/"},"modified":"2026-03-19T15:16:39","modified_gmt":"2026-03-19T14:16:39","slug":"contact","status":"publish","type":"page","link":"https:\/\/www.ellipseanimation.com\/fr\/contact\/","title":{"rendered":"Contact"},"content":{"rendered":"<section id=\"ell-block_0ed2a05c920fc7000f1bbc5c61370551\" class=\" align-full s-hero s-hero--bottom\">\r\n                <figure><img width=\"4000\" height=\"2250\" src=\"https:\/\/www.ellipseanimation.com\/wp-content\/uploads\/2022\/12\/KEY_VISUAL_TROTRO__ZAZA_BEDROOM_16_9_RGB_TEXTLESS.png\" class=\"s-hero-img\" alt=\"\" decoding=\"async\" loading=\"lazy\" srcset=\"https:\/\/www.ellipseanimation.com\/wp-content\/uploads\/2022\/12\/KEY_VISUAL_TROTRO__ZAZA_BEDROOM_16_9_RGB_TEXTLESS.png 4000w, https:\/\/www.ellipseanimation.com\/wp-content\/uploads\/2022\/12\/KEY_VISUAL_TROTRO__ZAZA_BEDROOM_16_9_RGB_TEXTLESS-300x169.png 300w, https:\/\/www.ellipseanimation.com\/wp-content\/uploads\/2022\/12\/KEY_VISUAL_TROTRO__ZAZA_BEDROOM_16_9_RGB_TEXTLESS-1024x576.png 1024w, https:\/\/www.ellipseanimation.com\/wp-content\/uploads\/2022\/12\/KEY_VISUAL_TROTRO__ZAZA_BEDROOM_16_9_RGB_TEXTLESS-768x432.png 768w, https:\/\/www.ellipseanimation.com\/wp-content\/uploads\/2022\/12\/KEY_VISUAL_TROTRO__ZAZA_BEDROOM_16_9_RGB_TEXTLESS-1536x864.png 1536w, https:\/\/www.ellipseanimation.com\/wp-content\/uploads\/2022\/12\/KEY_VISUAL_TROTRO__ZAZA_BEDROOM_16_9_RGB_TEXTLESS-2048x1152.png 2048w\" sizes=\"(max-width: 4000px) 100vw, 4000px\" \/><\/figure>\r\n            <div class=\"container\">\r\n                <h1 class=\"s-hero__title\">Nous contacter<\/h1>            <\/div>\r\n        <\/section>\n\n<section id=\"ell-block_2b3aa8bf21370f0fc0eb5d814097cba8\" class=\"s-google-map align-full s-shadow\">\r\n    <div class=\"s-shadow__wrap pb-0\">        <div class=\"container\">\r\n            <div class=\"s-heading text-center\">\r\n                <h2 class=\"s-title-1\">Nos Sites<\/h2>            <\/div>\r\n            \r\n            <div class=\"g-map\">\r\n                   \r\n                    <div class=\"acf-map\" data-zoom=\"6\" style=\"height: 100%\">\r\n                                                    <div class=\"marker\" data-lat=\"48.896381\"\r\n                                data-lng=\"2.3753415\">\r\n                                <div class=\"info-window\">\r\n                                    <p class=\"subtitle\">Bureau et Studio<\/p>\r\n                                    <p class=\"title\">ELLIPSE ANIMATION<\/p>\r\n                                    <div class=\"content\"><p>57, rue Gaston Tessier<\/p>\n<\/div>\r\n                                <\/div>\r\n                            <\/div>\r\n                                                    <div class=\"marker\" data-lat=\"45.6531597\"\r\n                                data-lng=\"0.1467052\">\r\n                                <div class=\"info-window\">\r\n                                    <p class=\"subtitle\">Studio<\/p>\r\n                                    <p class=\"title\">ELLIPSE STUDIO ANGOUL\u00caME<\/p>\r\n                                    <div class=\"content\"><p style=\"text-align: center;\">169, rue de Bordeaux<\/p>\n<\/div>\r\n                                <\/div>\r\n                            <\/div>\r\n                                                    <div class=\"marker\" data-lat=\"30.25264\"\r\n                                data-lng=\"120.18025\">\r\n                                <div class=\"info-window\">\r\n                                    <p class=\"subtitle\">Bureau<\/p>\r\n                                    <p class=\"title\">DARGAUD SHANGHAI<\/p>\r\n                                    <div class=\"content\"><p>Room 2203, Bridge 8-1<br \/>\n#10 Jianguo Middle Road<\/p>\n<\/div>\r\n                                <\/div>\r\n                            <\/div>\r\n                                            <\/div>\r\n                            <\/div>\r\n        <\/div>\r\n    <\/div><\/section>\r\n\n\n<section id=\"ell-block_539861b97271225af16ececbe9b63839\" class=\"s-keep-intouch c-section align-full\">\r\n    <div class=\"container\">\r\n        <div class=\"s-heading text-center\">\r\n            <h2 class=\"s-title-1\">Vous souha\u00eetez \u00e9changer ?<\/h2>            <p class='sub-title'>N&rsquo;h\u00e9sitez pas \u00e0 nous contacter ! Nous ferons notre possible pour vous r\u00e9pondre rapidement.\nSi vous cherchez un emploi, rendez-vous sur notre page CARRI\u00c8RES \ud83d\ude09<\/p>        <\/div>\r\n        \n<div class=\"wpcf7 no-js\" id=\"wpcf7-f5-o1\" lang=\"en-US\" dir=\"ltr\">\n<div class=\"screen-reader-response\"><p role=\"status\" aria-live=\"polite\" aria-atomic=\"true\"><\/p> <ul><\/ul><\/div>\n<form action=\"\/fr\/wp-json\/wp\/v2\/pages\/4212#wpcf7-f5-o1\" method=\"post\" class=\"wpcf7-form init\" id=\"contact\" aria-label=\"Contact form\" novalidate=\"novalidate\" data-status=\"init\">\n<div style=\"display: none;\">\n<input type=\"hidden\" name=\"_wpcf7\" value=\"5\" \/>\n<input type=\"hidden\" name=\"_wpcf7_version\" value=\"5.7.7\" \/>\n<input type=\"hidden\" name=\"_wpcf7_locale\" value=\"en_US\" \/>\n<input type=\"hidden\" name=\"_wpcf7_unit_tag\" value=\"wpcf7-f5-o1\" \/>\n<input type=\"hidden\" name=\"_wpcf7_container_post\" value=\"0\" \/>\n<input type=\"hidden\" name=\"_wpcf7_posted_data_hash\" value=\"\" \/>\n<input type=\"hidden\" name=\"_wpcf7_recaptcha_response\" value=\"\" \/>\n<\/div>\n<div class=\"row\">\n    <div class=\"col-md-6 col-12\">\n        <div class=\"form-group input-effect\">\n            <label for=\"first-name\">First Name *<\/label>\n            <span class=\"wpcf7-form-control-wrap\" data-name=\"first-name\"><input size=\"40\" class=\"wpcf7-form-control wpcf7-text wpcf7-validates-as-required form-control\" id=\"first-name\" aria-required=\"true\" aria-invalid=\"false\" value=\"\" type=\"text\" name=\"first-name\" \/><\/span>\n        <\/div>\n    <\/div>\n    <div class=\"col-md-6 col-12\">\n        <div class=\"form-group input-effect\">\n            <label for=\"last-name\">Last Name<\/label>\n            <span class=\"wpcf7-form-control-wrap\" data-name=\"last-name\"><input size=\"40\" class=\"wpcf7-form-control wpcf7-text form-control\" id=\"last-name\" aria-invalid=\"false\" value=\"\" type=\"text\" name=\"last-name\" \/><\/span>\n        <\/div>\n    <\/div>\n    <div class=\"col-md-6 col-12\">\n        <div class=\"form-group input-effect\">\n            <label for=\"email\">Email *<\/label>\n            <span class=\"wpcf7-form-control-wrap\" data-name=\"email\"><input size=\"40\" class=\"wpcf7-form-control wpcf7-text wpcf7-email wpcf7-validates-as-required wpcf7-validates-as-email form-control\" id=\"email\" aria-required=\"true\" aria-invalid=\"false\" value=\"\" type=\"email\" name=\"email\" \/><\/span>\n        <\/div>\n    <\/div>\n    <div class=\"col-md-6 col-12\">\n        <div class=\"form-group input-effect\">\n            <label for=\"mobile-number\">Mobile Number<\/label>\n            <span class=\"wpcf7-form-control-wrap\" data-name=\"mobile-number\"><input size=\"40\" class=\"wpcf7-form-control wpcf7-text form-control\" id=\"mobile-number\" aria-invalid=\"false\" value=\"\" type=\"text\" name=\"mobile-number\" \/><\/span>\n        <\/div>\n    <\/div>\n    <div class=\"col-12\">\n        <div class=\"form-group input-effect\">\n            <label for=\"topic\">Topic *<\/label>\n            <span class=\"wpcf7-form-control-wrap\" data-name=\"topic\"><select class=\"wpcf7-form-control wpcf7-select wpcf7-validates-as-required form-control\" id=\"topic\" aria-required=\"true\" aria-invalid=\"false\" name=\"topic\"><option value=\"Autre demande de renseignements \/ Other\">Autre demande de renseignements \/ Other<\/option><\/select><\/span>\n        <\/div>\n    <\/div>\n    <div class=\"col-12\">\n        <div class=\"form-group input-effect\">\n            <label for=\"message\">Write your message here\u2026 *<\/label>\n            <span class=\"wpcf7-form-control-wrap\" data-name=\"message\"><textarea cols=\"10\" rows=\"2\" class=\"wpcf7-form-control wpcf7-textarea wpcf7-validates-as-required form-control\" id=\"message\" aria-required=\"true\" aria-invalid=\"false\" name=\"message\"><\/textarea><\/span>\n        <\/div>\n    <\/div>\n    <div class=\"col-12\">\n        <div class=\"form-group input-effect\">\n            <label class=\"check-box\">\n                <input class=\"form-control\" name=\"policy\" type=\"checkbox\">\n                <span>I agree to the Terms and Conditions and Privacy Policy.<\/span>\n                <span class=\"checkmark\"><\/span>\n            <\/label>\n            <span class=\"wpcf7-form-control-wrap\" data-name=\"policy\"><span class=\"wpcf7-form-control wpcf7-checkbox wpcf7-validates-as-required d-none\"><\/span><\/span>\n        <\/div>\n    <\/div>\n    <div class=\"col-12 text-center\">\n        <button class=\"wpcf7-form-control wpcf7-submit btn-default\" type=\"submit\"><span>Send my message<\/span><\/button>\n        <input class=\"wpcf7-form-control has-spinner wpcf7-submit d-none\" type=\"submit\" value=\"Send\" \/>\n    <\/div>\n<\/div><div class=\"wpcf7-response-output\" aria-hidden=\"true\"><\/div>\n<\/form>\n<\/div>\n    <\/div>\r\n<\/section>\n\n<section id=\"ell-block_f4067321420e7f0d02618f61d6bd00ed\" class=\"s-careers d-flex align-items-center align-full\">\r\n    <div class=\"container\">\r\n        <figure><img width=\"1440\" height=\"648\" src=\"https:\/\/www.ellipseanimation.com\/wp-content\/uploads\/2022\/06\/bg-careers.jpg\" class=\"attachment-full size-full\" alt=\"\" decoding=\"async\" loading=\"lazy\" srcset=\"https:\/\/www.ellipseanimation.com\/wp-content\/uploads\/2022\/06\/bg-careers.jpg 1440w, https:\/\/www.ellipseanimation.com\/wp-content\/uploads\/2022\/06\/bg-careers-300x135.jpg 300w, https:\/\/www.ellipseanimation.com\/wp-content\/uploads\/2022\/06\/bg-careers-1024x461.jpg 1024w, https:\/\/www.ellipseanimation.com\/wp-content\/uploads\/2022\/06\/bg-careers-768x346.jpg 768w\" sizes=\"(max-width: 1440px) 100vw, 1440px\" \/><\/figure>\r\n        <div class=\"content container text-center\">\r\n            <h2 class=\"s-title-2\">Vous cherchez une nouvelle aventure ? Vous souhaitez travailler avec nous ?<\/h2>\r\n            <p class=\"sub-title mt-4 mb-4\">D\u00e9couvrez nos offres d&#8217;emploi ou laissez-nous votre candidature spontan\u00e9e<br \/>\nsur notre page Carri\u00e8res<\/p>\r\n                            <a class=\"text-uppercase btn-default --white\" href=\"\/\" target=\"_blank\"><span>Notre page Carri\u00e8res<\/span><\/a>\r\n                    <\/div>\r\n    <\/div>\r\n<\/section>\n\n<section id=\"ell-block_c0e133beba81ec3cd38f7edc0a78083e\" class=\"s-discover s-shadow align-full\">\r\n    <div class=\"s-shadow__wrap\">\r\n        <div class=\"container --sm pt-4 pb-4\">\r\n            <div class=\"content d-flex flex-column align-items-center\">\r\n                <div class=\"mb-5\">\r\n                    <img width=\"1\" height=\"1\" src=\"https:\/\/www.ellipseanimation.com\/wp-content\/uploads\/2022\/06\/logo_dark-1.svg\" class=\"attachment-medium size-medium\" alt=\"Ellipse\" decoding=\"async\" loading=\"lazy\" \/>                <\/div>\r\n                <h2 class=\"s-title-1\">\r\n                    D\u00e9couvrez<br \/>\nNotre Histoire                <\/h2>\r\n                <span class=\"s-title-2\">Et rencontrez notre \u00e9quipe<\/span>                <a class=\"btn-default text-uppercase mt-5\" href=\"https:\/\/www.ellipseanimation.com\/about\/\" target=\"_blank\"><span>En savoir plus<\/span><\/a>            <\/div>\r\n\r\n            <img width=\"507\" height=\"502\" src=\"https:\/\/www.ellipseanimation.com\/wp-content\/uploads\/2022\/06\/croquis-left-1.png\" class=\"img1\" alt=\"\" decoding=\"async\" loading=\"lazy\" srcset=\"https:\/\/www.ellipseanimation.com\/wp-content\/uploads\/2022\/06\/croquis-left-1.png 507w, https:\/\/www.ellipseanimation.com\/wp-content\/uploads\/2022\/06\/croquis-left-1-300x297.png 300w, https:\/\/www.ellipseanimation.com\/wp-content\/uploads\/2022\/06\/croquis-left-1-150x150.png 150w\" sizes=\"(max-width: 507px) 100vw, 507px\" \/>            <img width=\"505\" height=\"502\" src=\"https:\/\/www.ellipseanimation.com\/wp-content\/uploads\/2022\/06\/croquis-right-1.png\" class=\"img2\" alt=\"\" decoding=\"async\" loading=\"lazy\" srcset=\"https:\/\/www.ellipseanimation.com\/wp-content\/uploads\/2022\/06\/croquis-right-1.png 505w, https:\/\/www.ellipseanimation.com\/wp-content\/uploads\/2022\/06\/croquis-right-1-300x298.png 300w, https:\/\/www.ellipseanimation.com\/wp-content\/uploads\/2022\/06\/croquis-right-1-150x150.png 150w\" sizes=\"(max-width: 505px) 100vw, 505px\" \/>        <\/div>\r\n    <\/div>\r\n<\/section>","protected":false},"excerpt":{"rendered":"","protected":false},"author":1,"featured_media":0,"parent":0,"menu_order":0,"comment_status":"closed","ping_status":"closed","template":"","meta":[],"acf":[],"yoast_head":"<!-- This site is optimized with the Yoast SEO plugin v21.1 - https:\/\/yoast.com\/wordpress\/plugins\/seo\/ -->\n<title>Contact - Ellipse Animation<\/title>\n<meta name=\"robots\" content=\"index, follow, max-snippet:-1, max-image-preview:large, max-video-preview:-1\" \/>\n<link rel=\"canonical\" href=\"https:\/\/www.ellipseanimation.com\/fr\/contact\/\" \/>\n<meta property=\"og:locale\" content=\"fr_FR\" \/>\n<meta property=\"og:type\" content=\"article\" \/>\n<meta property=\"og:title\" content=\"Contact - Ellipse Animation\" \/>\n<meta property=\"og:url\" content=\"https:\/\/www.ellipseanimation.com\/fr\/contact\/\" \/>\n<meta property=\"og:site_name\" content=\"Ellipse Animation\" \/>\n<meta property=\"article:modified_time\" content=\"2026-03-19T14:16:39+00:00\" \/>\n<meta name=\"twitter:card\" content=\"summary_large_image\" \/>\n<script type=\"application\/ld+json\" class=\"yoast-schema-graph\">{\"@context\":\"https:\/\/schema.org\",\"@graph\":[{\"@type\":\"WebPage\",\"@id\":\"https:\/\/www.ellipseanimation.com\/fr\/contact\/\",\"url\":\"https:\/\/www.ellipseanimation.com\/fr\/contact\/\",\"name\":\"Contact - Ellipse Animation\",\"isPartOf\":{\"@id\":\"https:\/\/www.ellipseanimation.com\/fr\/#website\"},\"datePublished\":\"2022-06-05T09:08:49+00:00\",\"dateModified\":\"2026-03-19T14:16:39+00:00\",\"breadcrumb\":{\"@id\":\"https:\/\/www.ellipseanimation.com\/fr\/contact\/#breadcrumb\"},\"inLanguage\":\"fr-FR\",\"potentialAction\":[{\"@type\":\"ReadAction\",\"target\":[\"https:\/\/www.ellipseanimation.com\/fr\/contact\/\"]}]},{\"@type\":\"BreadcrumbList\",\"@id\":\"https:\/\/www.ellipseanimation.com\/fr\/contact\/#breadcrumb\",\"itemListElement\":[{\"@type\":\"ListItem\",\"position\":1,\"name\":\"Accueil\",\"item\":\"https:\/\/www.ellipseanimation.com\/fr\/\"},{\"@type\":\"ListItem\",\"position\":2,\"name\":\"Contact\"}]},{\"@type\":\"WebSite\",\"@id\":\"https:\/\/www.ellipseanimation.com\/fr\/#website\",\"url\":\"https:\/\/www.ellipseanimation.com\/fr\/\",\"name\":\"Ellipse Animation\",\"description\":\"We Are a European Leader in Animation\",\"publisher\":{\"@id\":\"https:\/\/www.ellipseanimation.com\/fr\/#organization\"},\"potentialAction\":[{\"@type\":\"SearchAction\",\"target\":{\"@type\":\"EntryPoint\",\"urlTemplate\":\"https:\/\/www.ellipseanimation.com\/fr\/?s={search_term_string}\"},\"query-input\":\"required name=search_term_string\"}],\"inLanguage\":\"fr-FR\"},{\"@type\":\"Organization\",\"@id\":\"https:\/\/www.ellipseanimation.com\/fr\/#organization\",\"name\":\"Ellipse Animation\",\"url\":\"https:\/\/www.ellipseanimation.com\/fr\/\",\"logo\":{\"@type\":\"ImageObject\",\"inLanguage\":\"fr-FR\",\"@id\":\"https:\/\/www.ellipseanimation.com\/fr\/#\/schema\/logo\/image\/\",\"url\":\"https:\/\/www.ellipseanimation.com\/wp-content\/uploads\/2022\/06\/logo_dark.svg\",\"contentUrl\":\"https:\/\/www.ellipseanimation.com\/wp-content\/uploads\/2022\/06\/logo_dark.svg\",\"width\":1,\"height\":1,\"caption\":\"Ellipse Animation\"},\"image\":{\"@id\":\"https:\/\/www.ellipseanimation.com\/fr\/#\/schema\/logo\/image\/\"}}]}<\/script>\n<!-- \/ Yoast SEO plugin. -->","yoast_head_json":{"title":"Contact - Ellipse Animation","robots":{"index":"index","follow":"follow","max-snippet":"max-snippet:-1","max-image-preview":"max-image-preview:large","max-video-preview":"max-video-preview:-1"},"canonical":"https:\/\/www.ellipseanimation.com\/fr\/contact\/","og_locale":"fr_FR","og_type":"article","og_title":"Contact - Ellipse Animation","og_url":"https:\/\/www.ellipseanimation.com\/fr\/contact\/","og_site_name":"Ellipse Animation","article_modified_time":"2026-03-19T14:16:39+00:00","twitter_card":"summary_large_image","schema":{"@context":"https:\/\/schema.org","@graph":[{"@type":"WebPage","@id":"https:\/\/www.ellipseanimation.com\/fr\/contact\/","url":"https:\/\/www.ellipseanimation.com\/fr\/contact\/","name":"Contact - Ellipse Animation","isPartOf":{"@id":"https:\/\/www.ellipseanimation.com\/fr\/#website"},"datePublished":"2022-06-05T09:08:49+00:00","dateModified":"2026-03-19T14:16:39+00:00","breadcrumb":{"@id":"https:\/\/www.ellipseanimation.com\/fr\/contact\/#breadcrumb"},"inLanguage":"fr-FR","potentialAction":[{"@type":"ReadAction","target":["https:\/\/www.ellipseanimation.com\/fr\/contact\/"]}]},{"@type":"BreadcrumbList","@id":"https:\/\/www.ellipseanimation.com\/fr\/contact\/#breadcrumb","itemListElement":[{"@type":"ListItem","position":1,"name":"Accueil","item":"https:\/\/www.ellipseanimation.com\/fr\/"},{"@type":"ListItem","position":2,"name":"Contact"}]},{"@type":"WebSite","@id":"https:\/\/www.ellipseanimation.com\/fr\/#website","url":"https:\/\/www.ellipseanimation.com\/fr\/","name":"Ellipse Animation","description":"We Are a European Leader in Animation","publisher":{"@id":"https:\/\/www.ellipseanimation.com\/fr\/#organization"},"potentialAction":[{"@type":"SearchAction","target":{"@type":"EntryPoint","urlTemplate":"https:\/\/www.ellipseanimation.com\/fr\/?s={search_term_string}"},"query-input":"required name=search_term_string"}],"inLanguage":"fr-FR"},{"@type":"Organization","@id":"https:\/\/www.ellipseanimation.com\/fr\/#organization","name":"Ellipse Animation","url":"https:\/\/www.ellipseanimation.com\/fr\/","logo":{"@type":"ImageObject","inLanguage":"fr-FR","@id":"https:\/\/www.ellipseanimation.com\/fr\/#\/schema\/logo\/image\/","url":"https:\/\/www.ellipseanimation.com\/wp-content\/uploads\/2022\/06\/logo_dark.svg","contentUrl":"https:\/\/www.ellipseanimation.com\/wp-content\/uploads\/2022\/06\/logo_dark.svg","width":1,"height":1,"caption":"Ellipse Animation"},"image":{"@id":"https:\/\/www.ellipseanimation.com\/fr\/#\/schema\/logo\/image\/"}}]}},"_links":{"self":[{"href":"https:\/\/www.ellipseanimation.com\/fr\/wp-json\/wp\/v2\/pages\/4212"}],"collection":[{"href":"https:\/\/www.ellipseanimation.com\/fr\/wp-json\/wp\/v2\/pages"}],"about":[{"href":"https:\/\/www.ellipseanimation.com\/fr\/wp-json\/wp\/v2\/types\/page"}],"author":[{"embeddable":true,"href":"https:\/\/www.ellipseanimation.com\/fr\/wp-json\/wp\/v2\/users\/1"}],"replies":[{"embeddable":true,"href":"https:\/\/www.ellipseanimation.com\/fr\/wp-json\/wp\/v2\/comments?post=4212"}],"version-history":[{"count":8,"href":"https:\/\/www.ellipseanimation.com\/fr\/wp-json\/wp\/v2\/pages\/4212\/revisions"}],"predecessor-version":[{"id":15332,"href":"https:\/\/www.ellipseanimation.com\/fr\/wp-json\/wp\/v2\/pages\/4212\/revisions\/15332"}],"wp:attachment":[{"href":"https:\/\/www.ellipseanimation.com\/fr\/wp-json\/wp\/v2\/media?parent=4212"}],"curies":[{"name":"wp","href":"https:\/\/api.w.org\/{rel}","templated":true}]}}