{"id":4302,"date":"2022-06-05T11:08:33","date_gmt":"2022-06-05T09:08:33","guid":{"rendered":"https:\/\/www.ellipseanimation.com\/careers\/"},"modified":"2025-11-25T11:40:46","modified_gmt":"2025-11-25T10:40:46","slug":"careers","status":"publish","type":"page","link":"https:\/\/www.ellipseanimation.com\/fr\/careers\/","title":{"rendered":"Carri\u00e8res"},"content":{"rendered":"<section id=\"ell-block_0a35b0edfd1a30154feffcc1c18aea62\" class=\" align-full s-hero s-hero--bottom\">\r\n                <figure><img width=\"1920\" height=\"1080\" src=\"https:\/\/www.ellipseanimation.com\/wp-content\/uploads\/2022\/07\/smurfsS1_capture0.png\" class=\"s-hero-img\" alt=\"\" decoding=\"async\" loading=\"lazy\" srcset=\"https:\/\/www.ellipseanimation.com\/wp-content\/uploads\/2022\/07\/smurfsS1_capture0.png 1920w, https:\/\/www.ellipseanimation.com\/wp-content\/uploads\/2022\/07\/smurfsS1_capture0-300x169.png 300w, https:\/\/www.ellipseanimation.com\/wp-content\/uploads\/2022\/07\/smurfsS1_capture0-1024x576.png 1024w, https:\/\/www.ellipseanimation.com\/wp-content\/uploads\/2022\/07\/smurfsS1_capture0-768x432.png 768w, https:\/\/www.ellipseanimation.com\/wp-content\/uploads\/2022\/07\/smurfsS1_capture0-1536x864.png 1536w\" sizes=\"(max-width: 1920px) 100vw, 1920px\" \/><\/figure>\r\n            <div class=\"container\">\r\n                <h1 class=\"s-hero__title\">Rejoignez-nous !<\/h1>            <\/div>\r\n        <\/section>\n\n<section id=\"ell-block_e2d2dc0e18545a8e206594ee4017f7e9\" class=\"s-wanna s-shadow align-full\">\r\n    <div class=\"s-shadow__wrap\">\r\n        <div class=\"container\">\r\n            <div class=\"row\">\r\n                <div class=\"col-md-10 offset-md-1\">\r\n                    <div class=\"text-center\">\r\n                        <p class=\"s-title-1\">Int\u00e9grez notre \u00e9quipe !<\/p>\r\n                    <\/div>\r\n                    <div class=\"d-none d-md-block\">\r\n                        <p>Nous sommes toujours \u00e0 la recherche de personnes passionn\u00e9es pour nous rejoindre ! Nous publions r\u00e9guli\u00e8rement des offres pour nos studios \u00e0 Paris et Angoul\u00eame. D\u00e9couvrez nos offres d&#8217;emploi actuelles ci-dessous. Vous ne trouvez pas de poste pour vous ? Vous pouvez nous partager votre profil sur le module de candidature spontan\u00e9e \ud83d\ude00<\/p>\r\n                    <\/div>\r\n                <\/div>\r\n            <\/div>\r\n            <div class=\"d-flex wrap\">\r\n                <div class=\"d-flex wrap-img\">\r\n                    <div class=\"img-01\"><img width=\"1024\" height=\"616\" src=\"https:\/\/www.ellipseanimation.com\/wp-content\/uploads\/2022\/07\/studio2-e1675872778400-1024x616.jpg\" class=\"attachment-large size-large\" alt=\"\" decoding=\"async\" loading=\"lazy\" srcset=\"https:\/\/www.ellipseanimation.com\/wp-content\/uploads\/2022\/07\/studio2-e1675872778400-1024x616.jpg 1024w, https:\/\/www.ellipseanimation.com\/wp-content\/uploads\/2022\/07\/studio2-e1675872778400-300x180.jpg 300w, https:\/\/www.ellipseanimation.com\/wp-content\/uploads\/2022\/07\/studio2-e1675872778400-768x462.jpg 768w, https:\/\/www.ellipseanimation.com\/wp-content\/uploads\/2022\/07\/studio2-e1675872778400.jpg 1496w\" sizes=\"(max-width: 1024px) 100vw, 1024px\" \/><\/div>\r\n                    <div class=\"img-02\"><img width=\"1024\" height=\"601\" src=\"https:\/\/www.ellipseanimation.com\/wp-content\/uploads\/2022\/07\/Medias-participations-Extras-HD-04-scaled-e1675872688685-1024x601.jpg\" class=\"attachment-large size-large\" alt=\"\" decoding=\"async\" loading=\"lazy\" srcset=\"https:\/\/www.ellipseanimation.com\/wp-content\/uploads\/2022\/07\/Medias-participations-Extras-HD-04-scaled-e1675872688685-1024x601.jpg 1024w, https:\/\/www.ellipseanimation.com\/wp-content\/uploads\/2022\/07\/Medias-participations-Extras-HD-04-scaled-e1675872688685-300x176.jpg 300w, https:\/\/www.ellipseanimation.com\/wp-content\/uploads\/2022\/07\/Medias-participations-Extras-HD-04-scaled-e1675872688685-768x451.jpg 768w, https:\/\/www.ellipseanimation.com\/wp-content\/uploads\/2022\/07\/Medias-participations-Extras-HD-04-scaled-e1675872688685-1536x901.jpg 1536w, https:\/\/www.ellipseanimation.com\/wp-content\/uploads\/2022\/07\/Medias-participations-Extras-HD-04-scaled-e1675872688685-2048x1202.jpg 2048w\" sizes=\"(max-width: 1024px) 100vw, 1024px\" \/><\/div>\r\n                <\/div>\r\n                <div class=\"d-flex img-03 align-items-center\"><img width=\"569\" height=\"321\" src=\"https:\/\/www.ellipseanimation.com\/wp-content\/uploads\/2022\/06\/wanna_03-1.png\" class=\"attachment-large size-large\" alt=\"\" decoding=\"async\" loading=\"lazy\" srcset=\"https:\/\/www.ellipseanimation.com\/wp-content\/uploads\/2022\/06\/wanna_03-1.png 569w, https:\/\/www.ellipseanimation.com\/wp-content\/uploads\/2022\/06\/wanna_03-1-300x169.png 300w\" sizes=\"(max-width: 569px) 100vw, 569px\" \/><\/div>\r\n            <\/div>\r\n            <div class=\"d-block d-md-none my-5\">\r\n                <p>Nous sommes toujours \u00e0 la recherche de personnes passionn\u00e9es pour nous rejoindre ! Nous publions r\u00e9guli\u00e8rement des offres pour nos studios \u00e0 Paris et Angoul\u00eame. D\u00e9couvrez nos offres d&#8217;emploi actuelles ci-dessous. Vous ne trouvez pas de poste pour vous ? Vous pouvez nous partager votre profil sur le module de candidature spontan\u00e9e \ud83d\ude00<\/p>\r\n            <\/div>\r\n                            <div class=\"text-center my-5\">\r\n                    <a class=\"btn-default text-uppercase --white\" href=\"https:\/\/www.ellipseanimation.com\/about\/\" target=\"\">\r\n                        <span>En savoir plus sur nous<\/span>\r\n                    <\/a>\r\n                <\/div>\r\n                    <\/div>\r\n    <\/div>\r\n<\/section>\n\n<section id=\"ell-block_1707ac56d5d2165037e9d5435121d481\" class=\"s-jobs s-shadow align-full\">\r\n    <div class=\"s-shadow__wrap\">\r\n        <div class=\"container\">\r\n            <div class=\"text-center\">\r\n                <img width=\"426\" height=\"275\" src=\"https:\/\/www.ellipseanimation.com\/wp-content\/uploads\/2022\/07\/image-20.png\" class=\"s-logo\" alt=\"\" decoding=\"async\" loading=\"lazy\" srcset=\"https:\/\/www.ellipseanimation.com\/wp-content\/uploads\/2022\/07\/image-20.png 426w, https:\/\/www.ellipseanimation.com\/wp-content\/uploads\/2022\/07\/image-20-300x194.png 300w\" sizes=\"(max-width: 426px) 100vw, 426px\" \/>                <p class=\"s-title-1\">Offres<\/p>\r\n            <\/div>\r\n                    <\/div>\r\n    <\/div>\r\n<\/section>\n\n<section id=\"ell-block_aba621e1ed0dc83e1f86b8565536188a\" class=\"s-careers d-flex align-items-center align-full\">\r\n    <div class=\"container\">\r\n        <figure><img width=\"1440\" height=\"960\" src=\"https:\/\/www.ellipseanimation.com\/wp-content\/uploads\/2022\/06\/hero.png\" class=\"attachment-full size-full\" alt=\"\" decoding=\"async\" loading=\"lazy\" srcset=\"https:\/\/www.ellipseanimation.com\/wp-content\/uploads\/2022\/06\/hero.png 1440w, https:\/\/www.ellipseanimation.com\/wp-content\/uploads\/2022\/06\/hero-300x200.png 300w, https:\/\/www.ellipseanimation.com\/wp-content\/uploads\/2022\/06\/hero-1024x683.png 1024w, https:\/\/www.ellipseanimation.com\/wp-content\/uploads\/2022\/06\/hero-768x512.png 768w\" sizes=\"(max-width: 1440px) 100vw, 1440px\" \/><\/figure>\r\n        <div class=\"content container text-center\">\r\n            <h2 class=\"s-title-2\">Candidatures spontan\u00e9es<\/h2>\r\n            <p class=\"sub-title mt-4 mb-4\">Aucune offre actuelle ne vous correspond ? Faites-nous part de votre int\u00e9r\u00eat pour nos studios et envoyez-nous une candidature spontan\u00e9e !<br \/>\r\n<\/p>\r\n                            <a class=\"text-uppercase btn-default --white\" href=\"https:\/\/docs.google.com\/forms\/d\/1jRbZaCL5Px4qR2W_2nSXk-2SpYLxBgAnkJRejVli6Zw\/edit?ts=68ff54db\" target=\"_blank\"><span>Join Us!<\/span><\/a>\r\n                    <\/div>\r\n    <\/div>\r\n<\/section>\n\n<section id=\"ell-block_f4fe5929529a163e66de00dc67d101ff\" class=\"s-faqs s-shadow align-full\">\r\n    <div class=\"s-shadow__wrap\">\r\n        <div class=\"container\">\r\n            <div class=\"s-faqs__wrap\">\r\n                <div class=\"text-center\">\r\n                    <img width=\"536\" height=\"400\" src=\"https:\/\/www.ellipseanimation.com\/wp-content\/uploads\/2022\/07\/image-faqs.png\" class=\"s-logo\" alt=\"\" decoding=\"async\" loading=\"lazy\" srcset=\"https:\/\/www.ellipseanimation.com\/wp-content\/uploads\/2022\/07\/image-faqs.png 536w, https:\/\/www.ellipseanimation.com\/wp-content\/uploads\/2022\/07\/image-faqs-300x224.png 300w\" sizes=\"(max-width: 536px) 100vw, 536px\" \/>                    <p class=\"s-title-1 text-white\">FAQ<\/p>\r\n                <\/div>\r\n                                    <div class=\"accordions\">\r\n                                                    <div class=\"accordion\">\r\n                                <div class=\"accordion-heading has-arrow\">\r\n                                    <p><strong>Puis-je vous envoyer une candidature spontan\u00e9e ?<\/strong><\/p>\r\n                                <\/div>\r\n                                <div class=\"accordion-content\">\r\n                                    <div>\r\n                                        <p>Bien s\u00fbr, nous sommes toujours ouverts aux candidatures spontan\u00e9es ! Cliquez sur le bouton ci-dessus pour remplir le formulaire associ\u00e9. Nous vous contacterons d\u00e8s que possible si nous avons une offre qui correspond \u00e0 votre profil.<\/p>\n                                    <\/div>\r\n                                <\/div>\r\n                            <\/div>\r\n                                                    <div class=\"accordion\">\r\n                                <div class=\"accordion-heading has-arrow\">\r\n                                    <p><strong>Puis-je travailler \u00e0 distance ?<\/strong><\/p>\r\n                                <\/div>\r\n                                <div class=\"accordion-content\">\r\n                                    <div>\r\n                                        <p>Oui, le t\u00e9l\u00e9travail est possible \u00e0 raison de 2 jours par semaine.<\/p>\n                                    <\/div>\r\n                                <\/div>\r\n                            <\/div>\r\n                                                    <div class=\"accordion\">\r\n                                <div class=\"accordion-heading has-arrow\">\r\n                                    <p><strong>O\u00f9 sont situ\u00e9s les studios d&rsquo;Ellipse Animation ?<\/strong><\/p>\r\n                                <\/div>\r\n                                <div class=\"accordion-content\">\r\n                                    <div>\r\n                                        <p>Nous avons des studios \u00e0 Paris (3D &amp; 2D), Angoul\u00eame (3D &amp; 2D) et en Belgique (3D &amp; 2D). Nous avons un bureau \u00e0 Shanghai mais nous n&rsquo;avons pas de studio en Chine.<\/p>\n                                    <\/div>\r\n                                <\/div>\r\n                            <\/div>\r\n                                                    <div class=\"accordion\">\r\n                                <div class=\"accordion-heading has-arrow\">\r\n                                    <p><strong>Comment utilisez-vous les donn\u00e9es collect\u00e9es ?<\/strong><\/p>\r\n                                <\/div>\r\n                                <div class=\"accordion-content\">\r\n                                    <div>\r\n                                        <p>Les informations recueillies sur le formulaire de candidature sont enregistr\u00e9es par Ellipse Animation pour le recrutement de candidats uniquement. Vous pouvez exercer votre droit d&rsquo;acc\u00e8s aux donn\u00e9es vous concernant et les faire rectifier en <a href=\"https:\/\/www.ellipseanimation.com\/fr\/contact\/\">nous contactant<\/a>. Pour plus d\u2019informations, merci d\u2019acc\u00e9der \u00e0 <a href=\"https:\/\/www.ellipseanimation.com\/fr\/terms-conditions\/\">la Charte pour la protection des donn\u00e9es personnelles<\/a>.<\/p>\n                                    <\/div>\r\n                                <\/div>\r\n                            <\/div>\r\n                                            <\/div>\r\n                            <\/div>\r\n        <\/div>\r\n    <\/div>\r\n<\/section>","protected":false},"excerpt":{"rendered":"","protected":false},"author":1,"featured_media":1566,"parent":0,"menu_order":0,"comment_status":"closed","ping_status":"closed","template":"","meta":[],"acf":[],"yoast_head":"<!-- This site is optimized with the Yoast SEO plugin v21.1 - https:\/\/yoast.com\/wordpress\/plugins\/seo\/ -->\n<title>Carri\u00e8res - Ellipse Animation<\/title>\n<meta name=\"description\" content=\"Rejoignez notre \u00e9quipe et trouvez l&#039;opportunit\u00e9 parfaite pour vous chez Ellipse Animation : Nous sommes toujours \u00e0 la recherche d&#039;esprits cr\u00e9atifs pour rejoindre notre \u00e9quipe.\" \/>\n<meta name=\"robots\" content=\"index, follow, max-snippet:-1, max-image-preview:large, max-video-preview:-1\" \/>\n<link rel=\"canonical\" href=\"https:\/\/www.ellipseanimation.com\/fr\/careers\/\" \/>\n<meta property=\"og:locale\" content=\"fr_FR\" \/>\n<meta property=\"og:type\" content=\"article\" \/>\n<meta property=\"og:title\" content=\"Carri\u00e8res - Ellipse Animation\" \/>\n<meta property=\"og:description\" content=\"Rejoignez notre \u00e9quipe et trouvez l&#039;opportunit\u00e9 parfaite pour vous chez Ellipse Animation : Nous sommes toujours \u00e0 la recherche d&#039;esprits cr\u00e9atifs pour rejoindre notre \u00e9quipe.\" \/>\n<meta property=\"og:url\" content=\"https:\/\/www.ellipseanimation.com\/fr\/careers\/\" \/>\n<meta property=\"og:site_name\" content=\"Ellipse Animation\" \/>\n<meta property=\"article:modified_time\" content=\"2025-11-25T10:40:46+00:00\" \/>\n<meta property=\"og:image\" content=\"https:\/\/www.ellipseanimation.com\/wp-content\/uploads\/2022\/07\/smurfsS1_capture0-1024x576.png\" \/>\n\t<meta property=\"og:image:width\" content=\"1024\" \/>\n\t<meta property=\"og:image:height\" content=\"576\" \/>\n\t<meta property=\"og:image:type\" content=\"image\/png\" \/>\n<meta name=\"twitter:card\" content=\"summary_large_image\" \/>\n<script type=\"application\/ld+json\" class=\"yoast-schema-graph\">{\"@context\":\"https:\/\/schema.org\",\"@graph\":[{\"@type\":\"WebPage\",\"@id\":\"https:\/\/www.ellipseanimation.com\/fr\/careers\/\",\"url\":\"https:\/\/www.ellipseanimation.com\/fr\/careers\/\",\"name\":\"Carri\u00e8res - Ellipse Animation\",\"isPartOf\":{\"@id\":\"https:\/\/www.ellipseanimation.com\/fr\/#website\"},\"datePublished\":\"2022-06-05T09:08:33+00:00\",\"dateModified\":\"2025-11-25T10:40:46+00:00\",\"description\":\"Rejoignez notre \u00e9quipe et trouvez l'opportunit\u00e9 parfaite pour vous chez Ellipse Animation : Nous sommes toujours \u00e0 la recherche d'esprits cr\u00e9atifs pour rejoindre notre \u00e9quipe.\",\"breadcrumb\":{\"@id\":\"https:\/\/www.ellipseanimation.com\/fr\/careers\/#breadcrumb\"},\"inLanguage\":\"fr-FR\",\"potentialAction\":[{\"@type\":\"ReadAction\",\"target\":[\"https:\/\/www.ellipseanimation.com\/fr\/careers\/\"]}]},{\"@type\":\"BreadcrumbList\",\"@id\":\"https:\/\/www.ellipseanimation.com\/fr\/careers\/#breadcrumb\",\"itemListElement\":[{\"@type\":\"ListItem\",\"position\":1,\"name\":\"Accueil\",\"item\":\"https:\/\/www.ellipseanimation.com\/fr\/\"},{\"@type\":\"ListItem\",\"position\":2,\"name\":\"Carri\u00e8res\"}]},{\"@type\":\"WebSite\",\"@id\":\"https:\/\/www.ellipseanimation.com\/fr\/#website\",\"url\":\"https:\/\/www.ellipseanimation.com\/fr\/\",\"name\":\"Ellipse Animation\",\"description\":\"We Are a European Leader in Animation\",\"publisher\":{\"@id\":\"https:\/\/www.ellipseanimation.com\/fr\/#organization\"},\"potentialAction\":[{\"@type\":\"SearchAction\",\"target\":{\"@type\":\"EntryPoint\",\"urlTemplate\":\"https:\/\/www.ellipseanimation.com\/fr\/?s={search_term_string}\"},\"query-input\":\"required name=search_term_string\"}],\"inLanguage\":\"fr-FR\"},{\"@type\":\"Organization\",\"@id\":\"https:\/\/www.ellipseanimation.com\/fr\/#organization\",\"name\":\"Ellipse Animation\",\"url\":\"https:\/\/www.ellipseanimation.com\/fr\/\",\"logo\":{\"@type\":\"ImageObject\",\"inLanguage\":\"fr-FR\",\"@id\":\"https:\/\/www.ellipseanimation.com\/fr\/#\/schema\/logo\/image\/\",\"url\":\"https:\/\/www.ellipseanimation.com\/wp-content\/uploads\/2022\/06\/logo_dark.svg\",\"contentUrl\":\"https:\/\/www.ellipseanimation.com\/wp-content\/uploads\/2022\/06\/logo_dark.svg\",\"width\":1,\"height\":1,\"caption\":\"Ellipse Animation\"},\"image\":{\"@id\":\"https:\/\/www.ellipseanimation.com\/fr\/#\/schema\/logo\/image\/\"}}]}<\/script>\n<!-- \/ Yoast SEO plugin. -->","yoast_head_json":{"title":"Carri\u00e8res - Ellipse Animation","description":"Rejoignez notre \u00e9quipe et trouvez l'opportunit\u00e9 parfaite pour vous chez Ellipse Animation : Nous sommes toujours \u00e0 la recherche d'esprits cr\u00e9atifs pour rejoindre notre \u00e9quipe.","robots":{"index":"index","follow":"follow","max-snippet":"max-snippet:-1","max-image-preview":"max-image-preview:large","max-video-preview":"max-video-preview:-1"},"canonical":"https:\/\/www.ellipseanimation.com\/fr\/careers\/","og_locale":"fr_FR","og_type":"article","og_title":"Carri\u00e8res - Ellipse Animation","og_description":"Rejoignez notre \u00e9quipe et trouvez l'opportunit\u00e9 parfaite pour vous chez Ellipse Animation : Nous sommes toujours \u00e0 la recherche d'esprits cr\u00e9atifs pour rejoindre notre \u00e9quipe.","og_url":"https:\/\/www.ellipseanimation.com\/fr\/careers\/","og_site_name":"Ellipse Animation","article_modified_time":"2025-11-25T10:40:46+00:00","og_image":[{"width":1024,"height":576,"url":"https:\/\/www.ellipseanimation.com\/wp-content\/uploads\/2022\/07\/smurfsS1_capture0-1024x576.png","type":"image\/png"}],"twitter_card":"summary_large_image","schema":{"@context":"https:\/\/schema.org","@graph":[{"@type":"WebPage","@id":"https:\/\/www.ellipseanimation.com\/fr\/careers\/","url":"https:\/\/www.ellipseanimation.com\/fr\/careers\/","name":"Carri\u00e8res - Ellipse Animation","isPartOf":{"@id":"https:\/\/www.ellipseanimation.com\/fr\/#website"},"datePublished":"2022-06-05T09:08:33+00:00","dateModified":"2025-11-25T10:40:46+00:00","description":"Rejoignez notre \u00e9quipe et trouvez l'opportunit\u00e9 parfaite pour vous chez Ellipse Animation : Nous sommes toujours \u00e0 la recherche d'esprits cr\u00e9atifs pour rejoindre notre \u00e9quipe.","breadcrumb":{"@id":"https:\/\/www.ellipseanimation.com\/fr\/careers\/#breadcrumb"},"inLanguage":"fr-FR","potentialAction":[{"@type":"ReadAction","target":["https:\/\/www.ellipseanimation.com\/fr\/careers\/"]}]},{"@type":"BreadcrumbList","@id":"https:\/\/www.ellipseanimation.com\/fr\/careers\/#breadcrumb","itemListElement":[{"@type":"ListItem","position":1,"name":"Accueil","item":"https:\/\/www.ellipseanimation.com\/fr\/"},{"@type":"ListItem","position":2,"name":"Carri\u00e8res"}]},{"@type":"WebSite","@id":"https:\/\/www.ellipseanimation.com\/fr\/#website","url":"https:\/\/www.ellipseanimation.com\/fr\/","name":"Ellipse Animation","description":"We Are a European Leader in Animation","publisher":{"@id":"https:\/\/www.ellipseanimation.com\/fr\/#organization"},"potentialAction":[{"@type":"SearchAction","target":{"@type":"EntryPoint","urlTemplate":"https:\/\/www.ellipseanimation.com\/fr\/?s={search_term_string}"},"query-input":"required name=search_term_string"}],"inLanguage":"fr-FR"},{"@type":"Organization","@id":"https:\/\/www.ellipseanimation.com\/fr\/#organization","name":"Ellipse Animation","url":"https:\/\/www.ellipseanimation.com\/fr\/","logo":{"@type":"ImageObject","inLanguage":"fr-FR","@id":"https:\/\/www.ellipseanimation.com\/fr\/#\/schema\/logo\/image\/","url":"https:\/\/www.ellipseanimation.com\/wp-content\/uploads\/2022\/06\/logo_dark.svg","contentUrl":"https:\/\/www.ellipseanimation.com\/wp-content\/uploads\/2022\/06\/logo_dark.svg","width":1,"height":1,"caption":"Ellipse Animation"},"image":{"@id":"https:\/\/www.ellipseanimation.com\/fr\/#\/schema\/logo\/image\/"}}]}},"_links":{"self":[{"href":"https:\/\/www.ellipseanimation.com\/fr\/wp-json\/wp\/v2\/pages\/4302"}],"collection":[{"href":"https:\/\/www.ellipseanimation.com\/fr\/wp-json\/wp\/v2\/pages"}],"about":[{"href":"https:\/\/www.ellipseanimation.com\/fr\/wp-json\/wp\/v2\/types\/page"}],"author":[{"embeddable":true,"href":"https:\/\/www.ellipseanimation.com\/fr\/wp-json\/wp\/v2\/users\/1"}],"replies":[{"embeddable":true,"href":"https:\/\/www.ellipseanimation.com\/fr\/wp-json\/wp\/v2\/comments?post=4302"}],"version-history":[{"count":117,"href":"https:\/\/www.ellipseanimation.com\/fr\/wp-json\/wp\/v2\/pages\/4302\/revisions"}],"predecessor-version":[{"id":14444,"href":"https:\/\/www.ellipseanimation.com\/fr\/wp-json\/wp\/v2\/pages\/4302\/revisions\/14444"}],"wp:featuredmedia":[{"embeddable":true,"href":"https:\/\/www.ellipseanimation.com\/fr\/wp-json\/wp\/v2\/media\/1566"}],"wp:attachment":[{"href":"https:\/\/www.ellipseanimation.com\/fr\/wp-json\/wp\/v2\/media?parent=4302"}],"curies":[{"name":"wp","href":"https:\/\/api.w.org\/{rel}","templated":true}]}}